{"id":225,"date":"2026-01-14T23:31:38","date_gmt":"2026-01-14T22:31:38","guid":{"rendered":"https:\/\/gem-infinity.com\/?page_id=225"},"modified":"2026-03-08T13:43:14","modified_gmt":"2026-03-08T12:43:14","slug":"r-c","status":"publish","type":"page","link":"https:\/\/gem-infinity.com\/en\/r-c\/","title":{"rendered":"Reportage"},"content":{"rendered":"<div class=\"wpb-content-wrapper\"><div  class=\"sec_row container-fluid\"><div class=\"vc_row wpb_row vc_row-fluid no-padding align-center vc_custom_1772973186778 vc_row-has-fill vc_row-o-full-height vc_row-o-columns-middle vc_row-flex\"><div class=\"wpb_column vc_column_container vc_col-sm-12 et-dark-column\"><div class=\"vc_column-inner\"><div class=\"wpb_wrapper\"><div class=\"vc_row wpb_row vc_inner vc_row-fluid max_width\"><div class=\"text-center wpb_column vc_column_container vc_col-sm-12 et-dark-column\"><div class=\"vc_column-inner\"><div class=\"wpb_wrapper\">\n\t<div class=\"wpb_raw_code wpb_raw_html wpb_content_element hide-mobile\" >\n\t\t<div class=\"wpb_wrapper\">\n\t\t\t<center><div class=\"video-wrapper\">\r\n  <video\r\n    width=\"815\"\r\n    height=\"459\"\r\n    controls\r\n poster=\"https:\/\/gem-infinity.com\/wp-content\/uploads\/2026\/01\/Visuel-top-copie-1.jpg\"\r\n  >\r\n    <source src=\"https:\/\/gem-infinity.com\/18mn55.mp4\" type=\"video\/mp4\">\r\n    Votre navigateur ne supporte pas la vid\u00e9o.\r\n  <\/video>\r\n<\/div><\/center>\n\t\t<\/div>\n\t<\/div>\n\n\t<div class=\"wpb_raw_code wpb_raw_html wpb_content_element hide-desktop\" >\n\t\t<div class=\"wpb_wrapper\">\n\t\t\t<center><div class=\"video-wrapper\">\r\n  <video\r\n        width=\"100%\"\r\n    controls\r\n poster=\"https:\/\/gem-infinity.com\/wp-content\/uploads\/2026\/01\/Visuel-top-copie-1.jpg\"\r\n  >\r\n    <source src=\"https:\/\/gem-infinity.com\/18mn55.mp4\" type=\"video\/mp4\">\r\n    Votre navigateur ne supporte pas la vid\u00e9o.\r\n  <\/video>\r\n<\/div><\/center>\n\t\t<\/div>\n\t<\/div>\n\n\t<div class=\"wpb_text_column wpb_content_element\" >\n\t\t<div class=\"wpb_wrapper\">\n\t\t\t<p>If you wish to watch the full report, you can find it on replay on TF1\u00ae<\/p>\n\n\t\t<\/div>\n\t<\/div>\n<\/div><\/div><\/div><\/div><\/div><\/div><\/div><\/div><\/div>\n<\/div>","protected":false},"excerpt":{"rendered":"Votre navigateur ne supporte pas la vid\u00e9o. Votre navigateur ne supporte pas la vid\u00e9o. Si vous souhaitez visionner le reportage dans son int\u00e9gralit\u00e9, vous pouvez le retrouver en replay sur TF1\u00ae","protected":false},"author":1,"featured_media":0,"parent":0,"menu_order":0,"comment_status":"closed","ping_status":"closed","template":"","meta":{"inline_featured_image":false,"footnotes":""},"class_list":["post-225","page","type-page","status-publish","hentry"],"yoast_head":"<!-- This site is optimized with the Yoast SEO plugin v26.7 - https:\/\/yoast.com\/wordpress\/plugins\/seo\/ -->\n<title>Reportage - GEM INFINITY<\/title>\n<meta name=\"robots\" content=\"index, follow, max-snippet:-1, max-image-preview:large, max-video-preview:-1\" \/>\n<link rel=\"canonical\" href=\"https:\/\/gem-infinity.com\/en\/r-c\/\" \/>\n<meta property=\"og:locale\" content=\"en_GB\" \/>\n<meta property=\"og:type\" content=\"article\" \/>\n<meta property=\"og:title\" content=\"Reportage - GEM INFINITY\" \/>\n<meta property=\"og:url\" content=\"https:\/\/gem-infinity.com\/en\/r-c\/\" \/>\n<meta property=\"og:site_name\" content=\"GEM INFINITY\" \/>\n<meta property=\"article:modified_time\" content=\"2026-03-08T12:43:14+00:00\" \/>\n<meta name=\"twitter:card\" content=\"summary_large_image\" \/>\n<meta name=\"twitter:label1\" content=\"Estimated reading time\" \/>\n\t<meta name=\"twitter:data1\" content=\"1 minute\" \/>\n<script type=\"application\/ld+json\" class=\"yoast-schema-graph\">{\"@context\":\"https:\/\/schema.org\",\"@graph\":[{\"@type\":\"WebPage\",\"@id\":\"https:\/\/gem-infinity.com\/r-c\/\",\"url\":\"https:\/\/gem-infinity.com\/r-c\/\",\"name\":\"Reportage - GEM INFINITY\",\"isPartOf\":{\"@id\":\"https:\/\/gem-infinity.com\/#website\"},\"datePublished\":\"2026-01-14T22:31:38+00:00\",\"dateModified\":\"2026-03-08T12:43:14+00:00\",\"breadcrumb\":{\"@id\":\"https:\/\/gem-infinity.com\/r-c\/#breadcrumb\"},\"inLanguage\":\"en-GB\",\"potentialAction\":[{\"@type\":\"ReadAction\",\"target\":[\"https:\/\/gem-infinity.com\/r-c\/\"]}]},{\"@type\":\"BreadcrumbList\",\"@id\":\"https:\/\/gem-infinity.com\/r-c\/#breadcrumb\",\"itemListElement\":[{\"@type\":\"ListItem\",\"position\":1,\"name\":\"Accueil\",\"item\":\"https:\/\/gem-infinity.com\/\"},{\"@type\":\"ListItem\",\"position\":2,\"name\":\"Reportage\"}]},{\"@type\":\"WebSite\",\"@id\":\"https:\/\/gem-infinity.com\/#website\",\"url\":\"https:\/\/gem-infinity.com\/\",\"name\":\"GEM INFINITY\",\"description\":\"\",\"publisher\":{\"@id\":\"https:\/\/gem-infinity.com\/#organization\"},\"potentialAction\":[{\"@type\":\"SearchAction\",\"target\":{\"@type\":\"EntryPoint\",\"urlTemplate\":\"https:\/\/gem-infinity.com\/?s={search_term_string}\"},\"query-input\":{\"@type\":\"PropertyValueSpecification\",\"valueRequired\":true,\"valueName\":\"search_term_string\"}}],\"inLanguage\":\"en-GB\"},{\"@type\":\"Organization\",\"@id\":\"https:\/\/gem-infinity.com\/#organization\",\"name\":\"GEM INFINITY\",\"url\":\"https:\/\/gem-infinity.com\/\",\"logo\":{\"@type\":\"ImageObject\",\"inLanguage\":\"en-GB\",\"@id\":\"https:\/\/gem-infinity.com\/#\/schema\/logo\/image\/\",\"url\":\"https:\/\/gem-infinity.com\/wp-content\/uploads\/2026\/01\/cropped-favicon.png\",\"contentUrl\":\"https:\/\/gem-infinity.com\/wp-content\/uploads\/2026\/01\/cropped-favicon.png\",\"width\":80,\"height\":80,\"caption\":\"GEM INFINITY\"},\"image\":{\"@id\":\"https:\/\/gem-infinity.com\/#\/schema\/logo\/image\/\"}}]}<\/script>\n<!-- \/ Yoast SEO plugin. -->","yoast_head_json":{"title":"Reportage - GEM INFINITY","robots":{"index":"index","follow":"follow","max-snippet":"max-snippet:-1","max-image-preview":"max-image-preview:large","max-video-preview":"max-video-preview:-1"},"canonical":"https:\/\/gem-infinity.com\/en\/r-c\/","og_locale":"en_GB","og_type":"article","og_title":"Reportage - GEM INFINITY","og_url":"https:\/\/gem-infinity.com\/en\/r-c\/","og_site_name":"GEM INFINITY","article_modified_time":"2026-03-08T12:43:14+00:00","twitter_card":"summary_large_image","twitter_misc":{"Estimated reading time":"1 minute"},"schema":{"@context":"https:\/\/schema.org","@graph":[{"@type":"WebPage","@id":"https:\/\/gem-infinity.com\/r-c\/","url":"https:\/\/gem-infinity.com\/r-c\/","name":"Reportage - GEM INFINITY","isPartOf":{"@id":"https:\/\/gem-infinity.com\/#website"},"datePublished":"2026-01-14T22:31:38+00:00","dateModified":"2026-03-08T12:43:14+00:00","breadcrumb":{"@id":"https:\/\/gem-infinity.com\/r-c\/#breadcrumb"},"inLanguage":"en-GB","potentialAction":[{"@type":"ReadAction","target":["https:\/\/gem-infinity.com\/r-c\/"]}]},{"@type":"BreadcrumbList","@id":"https:\/\/gem-infinity.com\/r-c\/#breadcrumb","itemListElement":[{"@type":"ListItem","position":1,"name":"Accueil","item":"https:\/\/gem-infinity.com\/"},{"@type":"ListItem","position":2,"name":"Reportage"}]},{"@type":"WebSite","@id":"https:\/\/gem-infinity.com\/#website","url":"https:\/\/gem-infinity.com\/","name":"GEM INFINITY","description":"","publisher":{"@id":"https:\/\/gem-infinity.com\/#organization"},"potentialAction":[{"@type":"SearchAction","target":{"@type":"EntryPoint","urlTemplate":"https:\/\/gem-infinity.com\/?s={search_term_string}"},"query-input":{"@type":"PropertyValueSpecification","valueRequired":true,"valueName":"search_term_string"}}],"inLanguage":"en-GB"},{"@type":"Organization","@id":"https:\/\/gem-infinity.com\/#organization","name":"GEM INFINITY","url":"https:\/\/gem-infinity.com\/","logo":{"@type":"ImageObject","inLanguage":"en-GB","@id":"https:\/\/gem-infinity.com\/#\/schema\/logo\/image\/","url":"https:\/\/gem-infinity.com\/wp-content\/uploads\/2026\/01\/cropped-favicon.png","contentUrl":"https:\/\/gem-infinity.com\/wp-content\/uploads\/2026\/01\/cropped-favicon.png","width":80,"height":80,"caption":"GEM INFINITY"},"image":{"@id":"https:\/\/gem-infinity.com\/#\/schema\/logo\/image\/"}}]}},"_links":{"self":[{"href":"https:\/\/gem-infinity.com\/en\/wp-json\/wp\/v2\/pages\/225","targetHints":{"allow":["GET"]}}],"collection":[{"href":"https:\/\/gem-infinity.com\/en\/wp-json\/wp\/v2\/pages"}],"about":[{"href":"https:\/\/gem-infinity.com\/en\/wp-json\/wp\/v2\/types\/page"}],"author":[{"embeddable":true,"href":"https:\/\/gem-infinity.com\/en\/wp-json\/wp\/v2\/users\/1"}],"replies":[{"embeddable":true,"href":"https:\/\/gem-infinity.com\/en\/wp-json\/wp\/v2\/comments?post=225"}],"version-history":[{"count":3,"href":"https:\/\/gem-infinity.com\/en\/wp-json\/wp\/v2\/pages\/225\/revisions"}],"predecessor-version":[{"id":265,"href":"https:\/\/gem-infinity.com\/en\/wp-json\/wp\/v2\/pages\/225\/revisions\/265"}],"wp:attachment":[{"href":"https:\/\/gem-infinity.com\/en\/wp-json\/wp\/v2\/media?parent=225"}],"curies":[{"name":"wp","href":"https:\/\/api.w.org\/{rel}","templated":true}]}}