{"id":238,"date":"2026-03-08T11:19:36","date_gmt":"2026-03-08T10:19:36","guid":{"rendered":"https:\/\/gem-infinity.com\/?page_id=238"},"modified":"2026-03-08T15:00:17","modified_gmt":"2026-03-08T14:00:17","slug":"voyages","status":"publish","type":"page","link":"https:\/\/gem-infinity.com\/en\/voyages\/","title":{"rendered":"Travel"},"content":{"rendered":"<div class=\"wpb-content-wrapper\"><div  class=\"sec_row container\"><div class=\"vc_row wpb_row vc_row-fluid\"><div class=\"wpb_column vc_column_container vc_col-sm-12 et-dark-column\"><div class=\"vc_column-inner\"><div class=\"wpb_wrapper\">\n\t\t\t\t<p class=\"rs-p-wp-fix\"><\/p>\n\t\t\t\t<sr7-module data-alias=\"slider-3-11\" data-id=\"11\" id=\"SR7_11_1\" class=\"rs-ov-hidden\" data-version=\"6.7.41\">\n\t\t\t\t\t<sr7-adjuster><\/sr7-adjuster>\n\t\t\t\t\t<sr7-content>\n\t\t\t\t\t\t<sr7-slide id=\"SR7_11_1-52\" data-key=\"52\">\n\t\t\t\t\t\t<\/sr7-slide>\n\t\t\t\t\t\t<sr7-slide id=\"SR7_11_1-53\" data-key=\"53\">\n\t\t\t\t\t\t\t<sr7-txt id=\"SR7_11_1-53-1\" class=\"sr7-layer\"><a href=\"https:\/\/www.discovery-gems.com\/en\/\" class=\"btn-voyage\">Discover<\/a><\/sr7-txt>\n\t\t\t\t\t\t\t<sr7-txt id=\"SR7_11_1-53-7\" class=\"sr7-layer\">For more information or to join us, please visit <a href=\"https:\/\/www.discovery-gems.com\/en\/\">https:\/\/www.discovery-gems.com\/<\/a><\/sr7-txt>\n\t\t\t\t\t\t\t<sr7-txt id=\"SR7_11_1-53-8\" class=\"sr7-layer\">As an extension of his gemstone trading activities, Benoit also provides field gemology training in Thailand, Sri Lanka, India, Pakistan, and Indonesia through DISCOVERY GEMS. These training programs focus on transmitting the craft of working with gemstones, combining both theory and practical experience, and are intended for both enthusiasts and jewelry professionals.<\/sr7-txt>\n\t\t\t\t\t\t\t<sr7-txt id=\"SR7_11_1-53-9\" class=\"sr7-layer\">Discover our gemology trips<\/sr7-txt>\n\t\t\t\t\t\t<\/sr7-slide>\n\t\t\t\t\t<\/sr7-content>\n\t\t\t\t\t<image_lists style=\"display:none\">\n\t\t\t\t\t\t<img data-src=\"\/\/gem-infinity.com\/wp-content\/uploads\/2026\/03\/Taj-Mahal-2-gemselection-formation-min.png\" data-libid=\"241\" data-lib=\"medialibrary\" title=\"Taj-Mahal-2-gemselection-formation-min\" width=\"0\" height=\"0\" data-dbsrc=\"Ly9nZW0taW5maW5pdHkuY29tL3dwLWNvbnRlbnQvdXBsb2Fkcy8yMDI2LzAzL1Rhai1NYWhhbC0yLWdlbXNlbGVjdGlvbi1mb3JtYXRpb24tbWluLnBuZw==\"\/>\n\t\t\t\t\t<\/image_lists>\n\t\t\t\t<\/sr7-module>\n\t\t\t\t<script>\n\t\t\t\t\tSR7.PMH ??={}; SR7.PMH[\"SR7_11_1\"] = {cn:100,state:false,fn: function() { if (_tpt!==undefined && _tpt.prepareModuleHeight !== undefined) {  _tpt.prepareModuleHeight({id:\"SR7_11_1\",el:[1172,1172,1172,1172,915],type:'standard',shdw:'0',gh:[1172,1172,1172,1172,915],gw:[1240,1240,1240,1240,480],vpt:['-100px&#039;,&#039;-100px&#039;,&#039;-100px&#039;,&#039;-100px&#039;,&#039;-100px'],size:{fullWidth:true, fullHeight:false},mh:'0',onh:0,onw:0,bg:{color:'{\"orig\":\"transparent\",\"type\":\"solid\",\"string\":\"transparent\"}'}});   SR7.PMH[\"SR7_11_1\"].state=true;} else if(SR7.PMH[\"SR7_11_1\"].cn-->0)\tsetTimeout( SR7.PMH[\"SR7_11_1\"].fn,19);}};SR7.PMH[\"SR7_11_1\" ].fn();\n\t\t\t\t<\/script>\n<\/div><\/div><\/div><\/div><\/div>\n<\/div>","protected":false},"excerpt":{"rendered":"D\u00e9couvrir Pour plus d\u2019informations ou pour vous inscrire, merci de visiter notre site www.discovery-gems.com Dans le prolongement de ses activit\u00e9s de n\u00e9goce de gemmes, Benoit dispense \u00e9galement des formations terrains de gemmologie en Tha\u00eflande, au Sri Lanka, en Inde, au Pakistan et en Indon\u00e9sie \u00e0 travers DISCOVERY GEMS. Ces formations [...]","protected":false},"author":1,"featured_media":0,"parent":0,"menu_order":0,"comment_status":"closed","ping_status":"closed","template":"","meta":{"inline_featured_image":false,"footnotes":""},"class_list":["post-238","page","type-page","status-publish","hentry"],"yoast_head":"<!-- This site is optimized with the Yoast SEO plugin v26.7 - https:\/\/yoast.com\/wordpress\/plugins\/seo\/ -->\n<title>Voyage en gemmologie \/ Apprendre la gemmologie avec DISCOVERY GEMS<\/title>\n<meta name=\"description\" content=\"DISCOVERY GEMS dispense des formations terrains en gemmologie en Tha\u00eflande, au Sri Lanka, en Inde, au Pakistan et en Indon\u00e9sie. Ces formations se veulent ax\u00e9es sur la transmission du m\u00e9tier des gemmes, de la th\u00e9orie \u00e0 la pratique, et s&#039;adressent autant aux amateurs, qu&#039;aux professionnels de la joaillerie.\" \/>\n<meta name=\"robots\" content=\"index, follow, max-snippet:-1, max-image-preview:large, max-video-preview:-1\" \/>\n<link rel=\"canonical\" href=\"https:\/\/gem-infinity.com\/en\/voyages\/\" \/>\n<meta property=\"og:locale\" content=\"en_GB\" \/>\n<meta property=\"og:type\" content=\"article\" \/>\n<meta property=\"og:title\" content=\"Voyage en gemmologie \/ Apprendre la gemmologie avec DISCOVERY GEMS\" \/>\n<meta property=\"og:description\" content=\"DISCOVERY GEMS dispense des formations terrains en gemmologie en Tha\u00eflande, au Sri Lanka, en Inde, au Pakistan et en Indon\u00e9sie. Ces formations se veulent ax\u00e9es sur la transmission du m\u00e9tier des gemmes, de la th\u00e9orie \u00e0 la pratique, et s&#039;adressent autant aux amateurs, qu&#039;aux professionnels de la joaillerie.\" \/>\n<meta property=\"og:url\" content=\"https:\/\/gem-infinity.com\/en\/voyages\/\" \/>\n<meta property=\"og:site_name\" content=\"GEM INFINITY\" \/>\n<meta property=\"article:modified_time\" content=\"2026-03-08T14:00:17+00:00\" \/>\n<meta name=\"twitter:card\" content=\"summary_large_image\" \/>\n<meta name=\"twitter:label1\" content=\"Estimated reading time\" \/>\n\t<meta name=\"twitter:data1\" content=\"1 minute\" \/>\n<script type=\"application\/ld+json\" class=\"yoast-schema-graph\">{\"@context\":\"https:\/\/schema.org\",\"@graph\":[{\"@type\":\"WebPage\",\"@id\":\"https:\/\/gem-infinity.com\/voyages\/\",\"url\":\"https:\/\/gem-infinity.com\/voyages\/\",\"name\":\"Voyage en gemmologie \/ Apprendre la gemmologie avec DISCOVERY GEMS\",\"isPartOf\":{\"@id\":\"https:\/\/gem-infinity.com\/#website\"},\"datePublished\":\"2026-03-08T10:19:36+00:00\",\"dateModified\":\"2026-03-08T14:00:17+00:00\",\"description\":\"DISCOVERY GEMS dispense des formations terrains en gemmologie en Tha\u00eflande, au Sri Lanka, en Inde, au Pakistan et en Indon\u00e9sie. Ces formations se veulent ax\u00e9es sur la transmission du m\u00e9tier des gemmes, de la th\u00e9orie \u00e0 la pratique, et s'adressent autant aux amateurs, qu'aux professionnels de la joaillerie.\",\"breadcrumb\":{\"@id\":\"https:\/\/gem-infinity.com\/voyages\/#breadcrumb\"},\"inLanguage\":\"en-GB\",\"potentialAction\":[{\"@type\":\"ReadAction\",\"target\":[\"https:\/\/gem-infinity.com\/voyages\/\"]}]},{\"@type\":\"BreadcrumbList\",\"@id\":\"https:\/\/gem-infinity.com\/voyages\/#breadcrumb\",\"itemListElement\":[{\"@type\":\"ListItem\",\"position\":1,\"name\":\"Accueil\",\"item\":\"https:\/\/gem-infinity.com\/\"},{\"@type\":\"ListItem\",\"position\":2,\"name\":\"Voyages\"}]},{\"@type\":\"WebSite\",\"@id\":\"https:\/\/gem-infinity.com\/#website\",\"url\":\"https:\/\/gem-infinity.com\/\",\"name\":\"GEM INFINITY\",\"description\":\"\",\"publisher\":{\"@id\":\"https:\/\/gem-infinity.com\/#organization\"},\"potentialAction\":[{\"@type\":\"SearchAction\",\"target\":{\"@type\":\"EntryPoint\",\"urlTemplate\":\"https:\/\/gem-infinity.com\/?s={search_term_string}\"},\"query-input\":{\"@type\":\"PropertyValueSpecification\",\"valueRequired\":true,\"valueName\":\"search_term_string\"}}],\"inLanguage\":\"en-GB\"},{\"@type\":\"Organization\",\"@id\":\"https:\/\/gem-infinity.com\/#organization\",\"name\":\"GEM INFINITY\",\"url\":\"https:\/\/gem-infinity.com\/\",\"logo\":{\"@type\":\"ImageObject\",\"inLanguage\":\"en-GB\",\"@id\":\"https:\/\/gem-infinity.com\/#\/schema\/logo\/image\/\",\"url\":\"https:\/\/gem-infinity.com\/wp-content\/uploads\/2026\/01\/cropped-favicon.png\",\"contentUrl\":\"https:\/\/gem-infinity.com\/wp-content\/uploads\/2026\/01\/cropped-favicon.png\",\"width\":80,\"height\":80,\"caption\":\"GEM INFINITY\"},\"image\":{\"@id\":\"https:\/\/gem-infinity.com\/#\/schema\/logo\/image\/\"}}]}<\/script>\n<!-- \/ Yoast SEO plugin. -->","yoast_head_json":{"title":"Gemology Travel \/ Learn Gemology with DISCOVERY GEMS","description":"DISCOVERY GEMS offers field training courses in gemology in Thailand, Sri Lanka, India, Pakistan, and Indonesia. These programs focus on transmitting the craft and knowledge of gemstones, combining theory with hands-on practice, and are designed for both enthusiasts and jewelry professionals.","robots":{"index":"index","follow":"follow","max-snippet":"max-snippet:-1","max-image-preview":"max-image-preview:large","max-video-preview":"max-video-preview:-1"},"canonical":"https:\/\/gem-infinity.com\/en\/voyages\/","og_locale":"en_GB","og_type":"article","og_title":"Voyage en gemmologie \/ Apprendre la gemmologie avec DISCOVERY GEMS","og_description":"DISCOVERY GEMS dispense des formations terrains en gemmologie en Tha\u00eflande, au Sri Lanka, en Inde, au Pakistan et en Indon\u00e9sie. Ces formations se veulent ax\u00e9es sur la transmission du m\u00e9tier des gemmes, de la th\u00e9orie \u00e0 la pratique, et s'adressent autant aux amateurs, qu'aux professionnels de la joaillerie.","og_url":"https:\/\/gem-infinity.com\/en\/voyages\/","og_site_name":"GEM INFINITY","article_modified_time":"2026-03-08T14:00:17+00:00","twitter_card":"summary_large_image","twitter_misc":{"Estimated reading time":"1 minute"},"schema":{"@context":"https:\/\/schema.org","@graph":[{"@type":"WebPage","@id":"https:\/\/gem-infinity.com\/voyages\/","url":"https:\/\/gem-infinity.com\/voyages\/","name":"Gemology Travel \/ Learn Gemology with DISCOVERY GEMS","isPartOf":{"@id":"https:\/\/gem-infinity.com\/#website"},"datePublished":"2026-03-08T10:19:36+00:00","dateModified":"2026-03-08T14:00:17+00:00","description":"DISCOVERY GEMS offers field training courses in gemology in Thailand, Sri Lanka, India, Pakistan, and Indonesia. These programs focus on transmitting the craft and knowledge of gemstones, combining theory with hands-on practice, and are designed for both enthusiasts and jewelry professionals.","breadcrumb":{"@id":"https:\/\/gem-infinity.com\/voyages\/#breadcrumb"},"inLanguage":"en-GB","potentialAction":[{"@type":"ReadAction","target":["https:\/\/gem-infinity.com\/voyages\/"]}]},{"@type":"BreadcrumbList","@id":"https:\/\/gem-infinity.com\/voyages\/#breadcrumb","itemListElement":[{"@type":"ListItem","position":1,"name":"Accueil","item":"https:\/\/gem-infinity.com\/"},{"@type":"ListItem","position":2,"name":"Voyages"}]},{"@type":"WebSite","@id":"https:\/\/gem-infinity.com\/#website","url":"https:\/\/gem-infinity.com\/","name":"GEM INFINITY","description":"","publisher":{"@id":"https:\/\/gem-infinity.com\/#organization"},"potentialAction":[{"@type":"SearchAction","target":{"@type":"EntryPoint","urlTemplate":"https:\/\/gem-infinity.com\/?s={search_term_string}"},"query-input":{"@type":"PropertyValueSpecification","valueRequired":true,"valueName":"search_term_string"}}],"inLanguage":"en-GB"},{"@type":"Organization","@id":"https:\/\/gem-infinity.com\/#organization","name":"GEM INFINITY","url":"https:\/\/gem-infinity.com\/","logo":{"@type":"ImageObject","inLanguage":"en-GB","@id":"https:\/\/gem-infinity.com\/#\/schema\/logo\/image\/","url":"https:\/\/gem-infinity.com\/wp-content\/uploads\/2026\/01\/cropped-favicon.png","contentUrl":"https:\/\/gem-infinity.com\/wp-content\/uploads\/2026\/01\/cropped-favicon.png","width":80,"height":80,"caption":"GEM INFINITY"},"image":{"@id":"https:\/\/gem-infinity.com\/#\/schema\/logo\/image\/"}}]}},"_links":{"self":[{"href":"https:\/\/gem-infinity.com\/en\/wp-json\/wp\/v2\/pages\/238","targetHints":{"allow":["GET"]}}],"collection":[{"href":"https:\/\/gem-infinity.com\/en\/wp-json\/wp\/v2\/pages"}],"about":[{"href":"https:\/\/gem-infinity.com\/en\/wp-json\/wp\/v2\/types\/page"}],"author":[{"embeddable":true,"href":"https:\/\/gem-infinity.com\/en\/wp-json\/wp\/v2\/users\/1"}],"replies":[{"embeddable":true,"href":"https:\/\/gem-infinity.com\/en\/wp-json\/wp\/v2\/comments?post=238"}],"version-history":[{"count":2,"href":"https:\/\/gem-infinity.com\/en\/wp-json\/wp\/v2\/pages\/238\/revisions"}],"predecessor-version":[{"id":242,"href":"https:\/\/gem-infinity.com\/en\/wp-json\/wp\/v2\/pages\/238\/revisions\/242"}],"wp:attachment":[{"href":"https:\/\/gem-infinity.com\/en\/wp-json\/wp\/v2\/media?parent=238"}],"curies":[{"name":"wp","href":"https:\/\/api.w.org\/{rel}","templated":true}]}}