{"id":65,"date":"2025-12-12T01:56:25","date_gmt":"2025-12-12T00:56:25","guid":{"rendered":"https:\/\/gem-infinity.com\/?page_id=65"},"modified":"2026-01-14T23:54:13","modified_gmt":"2026-01-14T22:54:13","slug":"mentions-legales","status":"publish","type":"page","link":"https:\/\/gem-infinity.com\/en\/mentions-legales\/","title":{"rendered":"Legal notices"},"content":{"rendered":"<div class=\"wpb-content-wrapper\"><div  class=\"sec_row container\"><div class=\"vc_row wpb_row vc_row-fluid\"><div class=\"wpb_column vc_column_container vc_col-sm-12 et-dark-column\"><div class=\"vc_column-inner\"><div class=\"wpb_wrapper\"><div class=\"vc_empty_space\"   style=\"height: 77px\"><span class=\"vc_empty_space_inner\"><\/span><\/div>\n\t<div class=\"wpb_raw_code wpb_raw_html wpb_content_element\" id=\"ml\">\n\t\t<div class=\"wpb_wrapper\">\n\t\t\t<h1>Legal notices<\/h1>\r\n<p><strong><a href=\"https:\/\/gem-infinity.com\/en\/r-c\/\" class=\"l-c\">Effective as of January 1, 2026<\/a><\/strong><\/p>\r\n\r\n<p>\r\n  In accordance with Articles 6-III and 19 of Law No. 2004-575 of June 21, 2004, on Confidence in the Digital Economy (L.C.E.N.), this legal notice is brought to the attention of users and visitors, hereinafter referred to\nas the \"User,\" of the website\r\n  <a href=\"https:\/\/gem-infinity.com\/en\/\" rel=\"nofollow noopener\" target=\"_blank\">https:\/\/www.gem-infinity.com<\/a>, hereinafter referred to as the \"Site.\"\r\n<\/p>\r\n\r\n<p>\r\n  By accessing and browsing the Site, the User fully and unreservedly accepts this legal notice.\r\n<\/p>\r\n\r\n<p>\r\n  This legal notice is accessible on the Site under the \"Legal Notice\" section.\r\n<\/p>\r\n\r\n<h2>ARTICLE 1 \u2013 PUBLISHER<\/h2>\r\n<p class=\"translation-block\">The Site is published by <strong>Slagon Digital<\/strong>, registered with the Paris Trade and Companies Register under\nnumber <strong>832 214 555<\/strong>, whose registered office is located at <strong>9 Rue des Colonnes \u2013 75002 Paris, France<\/strong>.<\/p>\r\n<p class=\"translation-block\">Email address: contact@slagon.fr<\/p>\r\n<p class=\"translation-block\">The Publication Director is <strong>Mr. Benoit Charbonneau<\/strong>, hereinafter referred to as the \u201cPublisher\u201d.<\/p>\r\n\r\n<h2>ARTICLE 2 \u2013 HOSTING PROVIDER<\/h2>\r\n<p class=\"translation-block\">The Site is hosted by <strong>IONOS<\/strong>, whose registered office is located at <strong>7 Place de la Gare, 57200 Sarreguemines, France<\/strong>.<\/p>\r\n\r\n<h2>ARTICLE 3 \u2013 ACCESS TO THE WEBSITE<\/h2>\r\n<p>\r\n  The Site is accessible from anywhere, 24\/7, except in cases of force majeure, scheduled or unscheduled\ninterruptions, or interruptions due to maintenance.\r\n<\/p>\r\n<p>\r\n  The Publisher cannot be held liable in the event of modification, interruption or suspension of the Website.\r\n<\/p>\r\n\r\n\r\n<h2>ARTICLE 4 \u2013 DATA COLLECTION<\/h2>\r\n\r\n<p>\r\n  The Site ensures the User that personal information is collected and processed in accordance with the French\nData Protection Act (Law No. 78-17 of 6 January 1978).\r\n<\/p>\r\n\r\n<p>\r\n  Under the French Data Protection Act of 6 January 1978, the User has the right to access, rectify, delete, and object to the processing of their personal data.\r\n<\/p>\r\n\r\n<p>\r\n  The User may exercise this right:\r\n<\/p>\r\n\r\n<ul>\r\n  <li>\r\n    by email to :\r\n    <a href=\"mailto:contact@gem-infinity.com\">contact@gem-infinity.com<\/a>\r\n  <\/li>\r\n  <li class=\"translation-block\">via the <a href=\"https:\/\/gem-infinity.com\/en\/contact\/\" target=\"_self\">contact form<\/a><\/li>\r\n<\/ul>\r\n\r\n<p>\r\n  Any use, reproduction, distribution, marketing, or modification of all or part of the Site without the\nPublisher's authorization is prohibited and may result in legal action and prosecution, as provided for in particular by the Intellectual Property Code and the Civil Code.\r\n<\/p>\r\n\n\t\t<\/div>\n\t<\/div>\n<div class=\"vc_empty_space\"   style=\"height: 77px\"><span class=\"vc_empty_space_inner\"><\/span><\/div><\/div><\/div><\/div><\/div><\/div>\n<\/div>","protected":false},"excerpt":{"rendered":"Mentions l\u00e9gales En vigueur au 01\/01\/2026 Conform\u00e9ment aux dispositions des Articles 6-III et 19 de la Loi n\u00b02004-575 du 21 juin 2004 pour la Confiance dans l\u2019\u00e9conomie num\u00e9rique, dite L.C.E.N., il est port\u00e9 \u00e0 la connaissance des utilisateurs et visiteurs, ci-apr\u00e8s l\u2019\u00ab Utilisateur \u00bb, du site https:\/\/www.gem-infinity.com, ci-apr\u00e8s le \u00ab [...]","protected":false},"author":1,"featured_media":0,"parent":0,"menu_order":0,"comment_status":"closed","ping_status":"closed","template":"","meta":{"inline_featured_image":false,"footnotes":""},"class_list":["post-65","page","type-page","status-publish","hentry"],"yoast_head":"<!-- This site is optimized with the Yoast SEO plugin v26.7 - https:\/\/yoast.com\/wordpress\/plugins\/seo\/ -->\n<title>Mentions l\u00e9gales - GEM INFINITY<\/title>\n<meta name=\"robots\" content=\"index, follow, max-snippet:-1, max-image-preview:large, max-video-preview:-1\" \/>\n<link rel=\"canonical\" href=\"https:\/\/gem-infinity.com\/en\/mentions-legales\/\" \/>\n<meta property=\"og:locale\" content=\"en_GB\" \/>\n<meta property=\"og:type\" content=\"article\" \/>\n<meta property=\"og:title\" content=\"Mentions l\u00e9gales - GEM INFINITY\" \/>\n<meta property=\"og:url\" content=\"https:\/\/gem-infinity.com\/en\/mentions-legales\/\" \/>\n<meta property=\"og:site_name\" content=\"GEM INFINITY\" \/>\n<meta property=\"article:modified_time\" content=\"2026-01-14T22:54:13+00:00\" \/>\n<meta name=\"twitter:card\" content=\"summary_large_image\" \/>\n<meta name=\"twitter:label1\" content=\"Estimated reading time\" \/>\n\t<meta name=\"twitter:data1\" content=\"1 minute\" \/>\n<script type=\"application\/ld+json\" class=\"yoast-schema-graph\">{\"@context\":\"https:\/\/schema.org\",\"@graph\":[{\"@type\":\"WebPage\",\"@id\":\"https:\/\/gem-infinity.com\/mentions-legales\/\",\"url\":\"https:\/\/gem-infinity.com\/mentions-legales\/\",\"name\":\"Mentions l\u00e9gales - GEM INFINITY\",\"isPartOf\":{\"@id\":\"https:\/\/gem-infinity.com\/#website\"},\"datePublished\":\"2025-12-12T00:56:25+00:00\",\"dateModified\":\"2026-01-14T22:54:13+00:00\",\"breadcrumb\":{\"@id\":\"https:\/\/gem-infinity.com\/mentions-legales\/#breadcrumb\"},\"inLanguage\":\"en-GB\",\"potentialAction\":[{\"@type\":\"ReadAction\",\"target\":[\"https:\/\/gem-infinity.com\/mentions-legales\/\"]}]},{\"@type\":\"BreadcrumbList\",\"@id\":\"https:\/\/gem-infinity.com\/mentions-legales\/#breadcrumb\",\"itemListElement\":[{\"@type\":\"ListItem\",\"position\":1,\"name\":\"Accueil\",\"item\":\"https:\/\/gem-infinity.com\/\"},{\"@type\":\"ListItem\",\"position\":2,\"name\":\"Mentions l\u00e9gales\"}]},{\"@type\":\"WebSite\",\"@id\":\"https:\/\/gem-infinity.com\/#website\",\"url\":\"https:\/\/gem-infinity.com\/\",\"name\":\"GEM INFINITY\",\"description\":\"\",\"publisher\":{\"@id\":\"https:\/\/gem-infinity.com\/#organization\"},\"potentialAction\":[{\"@type\":\"SearchAction\",\"target\":{\"@type\":\"EntryPoint\",\"urlTemplate\":\"https:\/\/gem-infinity.com\/?s={search_term_string}\"},\"query-input\":{\"@type\":\"PropertyValueSpecification\",\"valueRequired\":true,\"valueName\":\"search_term_string\"}}],\"inLanguage\":\"en-GB\"},{\"@type\":\"Organization\",\"@id\":\"https:\/\/gem-infinity.com\/#organization\",\"name\":\"GEM INFINITY\",\"url\":\"https:\/\/gem-infinity.com\/\",\"logo\":{\"@type\":\"ImageObject\",\"inLanguage\":\"en-GB\",\"@id\":\"https:\/\/gem-infinity.com\/#\/schema\/logo\/image\/\",\"url\":\"https:\/\/gem-infinity.com\/wp-content\/uploads\/2026\/01\/cropped-favicon.png\",\"contentUrl\":\"https:\/\/gem-infinity.com\/wp-content\/uploads\/2026\/01\/cropped-favicon.png\",\"width\":80,\"height\":80,\"caption\":\"GEM INFINITY\"},\"image\":{\"@id\":\"https:\/\/gem-infinity.com\/#\/schema\/logo\/image\/\"}}]}<\/script>\n<!-- \/ Yoast SEO plugin. -->","yoast_head_json":{"title":"Mentions l\u00e9gales - GEM INFINITY","robots":{"index":"index","follow":"follow","max-snippet":"max-snippet:-1","max-image-preview":"max-image-preview:large","max-video-preview":"max-video-preview:-1"},"canonical":"https:\/\/gem-infinity.com\/en\/mentions-legales\/","og_locale":"en_GB","og_type":"article","og_title":"Mentions l\u00e9gales - GEM INFINITY","og_url":"https:\/\/gem-infinity.com\/en\/mentions-legales\/","og_site_name":"GEM INFINITY","article_modified_time":"2026-01-14T22:54:13+00:00","twitter_card":"summary_large_image","twitter_misc":{"Estimated reading time":"1 minute"},"schema":{"@context":"https:\/\/schema.org","@graph":[{"@type":"WebPage","@id":"https:\/\/gem-infinity.com\/mentions-legales\/","url":"https:\/\/gem-infinity.com\/mentions-legales\/","name":"Mentions l\u00e9gales - GEM INFINITY","isPartOf":{"@id":"https:\/\/gem-infinity.com\/#website"},"datePublished":"2025-12-12T00:56:25+00:00","dateModified":"2026-01-14T22:54:13+00:00","breadcrumb":{"@id":"https:\/\/gem-infinity.com\/mentions-legales\/#breadcrumb"},"inLanguage":"en-GB","potentialAction":[{"@type":"ReadAction","target":["https:\/\/gem-infinity.com\/mentions-legales\/"]}]},{"@type":"BreadcrumbList","@id":"https:\/\/gem-infinity.com\/mentions-legales\/#breadcrumb","itemListElement":[{"@type":"ListItem","position":1,"name":"Accueil","item":"https:\/\/gem-infinity.com\/"},{"@type":"ListItem","position":2,"name":"Mentions l\u00e9gales"}]},{"@type":"WebSite","@id":"https:\/\/gem-infinity.com\/#website","url":"https:\/\/gem-infinity.com\/","name":"GEM INFINITY","description":"","publisher":{"@id":"https:\/\/gem-infinity.com\/#organization"},"potentialAction":[{"@type":"SearchAction","target":{"@type":"EntryPoint","urlTemplate":"https:\/\/gem-infinity.com\/?s={search_term_string}"},"query-input":{"@type":"PropertyValueSpecification","valueRequired":true,"valueName":"search_term_string"}}],"inLanguage":"en-GB"},{"@type":"Organization","@id":"https:\/\/gem-infinity.com\/#organization","name":"GEM INFINITY","url":"https:\/\/gem-infinity.com\/","logo":{"@type":"ImageObject","inLanguage":"en-GB","@id":"https:\/\/gem-infinity.com\/#\/schema\/logo\/image\/","url":"https:\/\/gem-infinity.com\/wp-content\/uploads\/2026\/01\/cropped-favicon.png","contentUrl":"https:\/\/gem-infinity.com\/wp-content\/uploads\/2026\/01\/cropped-favicon.png","width":80,"height":80,"caption":"GEM INFINITY"},"image":{"@id":"https:\/\/gem-infinity.com\/#\/schema\/logo\/image\/"}}]}},"_links":{"self":[{"href":"https:\/\/gem-infinity.com\/en\/wp-json\/wp\/v2\/pages\/65","targetHints":{"allow":["GET"]}}],"collection":[{"href":"https:\/\/gem-infinity.com\/en\/wp-json\/wp\/v2\/pages"}],"about":[{"href":"https:\/\/gem-infinity.com\/en\/wp-json\/wp\/v2\/types\/page"}],"author":[{"embeddable":true,"href":"https:\/\/gem-infinity.com\/en\/wp-json\/wp\/v2\/users\/1"}],"replies":[{"embeddable":true,"href":"https:\/\/gem-infinity.com\/en\/wp-json\/wp\/v2\/comments?post=65"}],"version-history":[{"count":5,"href":"https:\/\/gem-infinity.com\/en\/wp-json\/wp\/v2\/pages\/65\/revisions"}],"predecessor-version":[{"id":229,"href":"https:\/\/gem-infinity.com\/en\/wp-json\/wp\/v2\/pages\/65\/revisions\/229"}],"wp:attachment":[{"href":"https:\/\/gem-infinity.com\/en\/wp-json\/wp\/v2\/media?parent=65"}],"curies":[{"name":"wp","href":"https:\/\/api.w.org\/{rel}","templated":true}]}}